{"id":2459,"date":"2018-03-23T14:40:09","date_gmt":"2018-03-23T07:40:09","guid":{"rendered":"https:\/\/lezadaa.thememove.com\/?page_id=2459"},"modified":"2020-11-23T15:21:48","modified_gmt":"2020-11-23T14:21:48","slug":"f-a-q","status":"publish","type":"page","link":"https:\/\/lhov.fr\/en\/f-a-q\/","title":{"rendered":"F.A.Q"},"content":{"rendered":"<div class=\"wpb-content-wrapper\"><div class=\"vc_row wpb_row row\"><div class=\"wpb_column vc_column_container col-sm-12\"><div class=\"vc_column-inner\"><div class=\"wpb_wrapper\"><h2 style=\"font-size: 35px;color: #212121;text-align: left;font-family:Work Sans;font-weight:400;font-style:normal\" class=\"vc_custom_heading vc_do_custom_heading\" >Shipping information<\/h2><div class=\"vc_empty_space\"   style=\"height: 10px\"><span class=\"vc_empty_space_inner\"><\/span><\/div><div class=\"vc_tta-container\" data-vc-action=\"collapse\"><div class=\"vc_general vc_tta vc_tta-accordion vc_tta-color-grey vc_tta-style-lezada-addons vc_tta-shape-square vc_tta-o-shape-group vc_tta-controls-align-default vc_tta-o-no-fill\"><div class=\"vc_tta-panels-container\"><div class=\"vc_tta-panels\"><div class=\"vc_tta-panel vc_active\" id=\"1481857175930-ca6ee987-3609\" data-vc-content=\".vc_tta-panel-body\"><div class=\"vc_tta-panel-heading\"><h4 class=\"vc_tta-panel-title\"><a href=\"#1481857175930-ca6ee987-3609\" data-vc-accordion data-vc-container=\".vc_tta-container\"><span class=\"vc_tta-title-text\">What Shipping methods are available?<\/span><\/a><\/h4><\/div><div class=\"vc_tta-panel-body\">\n\t<div class=\"wpb_text_column wpb_content_element\" >\n\t\t<div class=\"wpb_wrapper\">\n\t\t\t<p>At LHOV you can choose to be delivered by the following methods:<\/p>\n<p>- Chronopost: Home delivery (from 24 hours delay)<\/p>\n<p>At a relay point (from 24 hours delay)<\/p>\n<p>- Colissimo:      At home with signature (from 48 hours delay)<\/p>\n<p>At a relay point (from 48 hours delay)<\/p>\n<p>For carts value greater than or equal to 100 euros, we offer free delivery by Chronopost mode at home or at a relay point.<\/p>\n\n\t\t<\/div>\n\t<\/div>\n<\/div><\/div><div class=\"vc_tta-panel\" id=\"1481863262422-22d60968-4e9d\" data-vc-content=\".vc_tta-panel-body\"><div class=\"vc_tta-panel-heading\"><h4 class=\"vc_tta-panel-title\"><a href=\"#1481863262422-22d60968-4e9d\" data-vc-accordion data-vc-container=\".vc_tta-container\"><span class=\"vc_tta-title-text\">Does LHOV ship internationally?<\/span><\/a><\/h4><\/div><div class=\"vc_tta-panel-body\">\n\t<div class=\"wpb_text_column wpb_content_element\" >\n\t\t<div class=\"wpb_wrapper\">\n\t\t\t<p>LHOV delivers in mainland France, overseas departments and territories and internationally in European countries.<\/p>\n<p>Here is the list of territories delivered by LHOV:<\/p>\n<p>Germany, Austria, Belgium, Spain, Finland, Metropolitan France, Greece, Guadeloupe, French Guyana, Ireland, Italy, Reunion, Luxembourg, Martinique, Mayotte, New Caledonia, Netherlands, French Polynesia, Portugal, United Kingdom ( UK), Saint-Barth\u00e9lemy, Saint-Pierre et Miquelon, Saint-Martin (French part), Sweden, French Southern Territories, Wallis and Fortuna.<\/p>\n\n\t\t<\/div>\n\t<\/div>\n<\/div><\/div><div class=\"vc_tta-panel\" id=\"1481857175977-98a95267-1450\" data-vc-content=\".vc_tta-panel-body\"><div class=\"vc_tta-panel-heading\"><h4 class=\"vc_tta-panel-title\"><a href=\"#1481857175977-98a95267-1450\" data-vc-accordion data-vc-container=\".vc_tta-container\"><span class=\"vc_tta-title-text\">How can I track the delivery of LHOV products?<\/span><\/a><\/h4><\/div><div class=\"vc_tta-panel-body\">\n\t<div class=\"wpb_text_column wpb_content_element\" >\n\t\t<div class=\"wpb_wrapper\">\n\t\t\t<p>When picking up your parcel by one of our logistics partners, an e-mail will be sent to you with the tracking number that you can use to find out the delivery status on the logistics company's website.<\/p>\n\n\t\t<\/div>\n\t<\/div>\n<\/div><\/div><\/div><\/div><\/div><\/div><div class=\"vc_empty_space\"   style=\"height: 80px\"><span class=\"vc_empty_space_inner\"><\/span><\/div><h2 style=\"font-size: 35px;color: #212121;text-align: left;font-family:Work Sans;font-weight:400;font-style:normal\" class=\"vc_custom_heading vc_do_custom_heading\" >Payment Information<\/h2><div class=\"vc_empty_space\"   style=\"height: 10px\"><span class=\"vc_empty_space_inner\"><\/span><\/div><div class=\"vc_tta-container\" data-vc-action=\"collapse\"><div class=\"vc_general vc_tta vc_tta-accordion vc_tta-color-grey vc_tta-style-lezada-addons vc_tta-shape-square vc_tta-o-shape-group vc_tta-controls-align-default vc_tta-o-no-fill\"><div class=\"vc_tta-panels-container\"><div class=\"vc_tta-panels\"><div class=\"vc_tta-panel vc_active\" id=\"1481863275608-dad22377-ea4f\" data-vc-content=\".vc_tta-panel-body\"><div class=\"vc_tta-panel-heading\"><h4 class=\"vc_tta-panel-title\"><a href=\"#1481863275608-dad22377-ea4f\" data-vc-accordion data-vc-container=\".vc_tta-container\"><span class=\"vc_tta-title-text\">What payment methods are accepted?<\/span><\/a><\/h4><\/div><div class=\"vc_tta-panel-body\">\n\t<div class=\"wpb_text_column wpb_content_element\" >\n\t\t<div class=\"wpb_wrapper\">\n\t\t\t<p>When shopping on our website, you can pay for your orders by two methods of payment:<\/p>\n<p>- By credit card: several types of cards are accepted (VISA, Mastercard, American Express)<\/p>\n<p>- By PAYPAL: for people who have a PAYPAL account, orders on our website can be paid for by this means of payment.<\/p>\n\n\t\t<\/div>\n\t<\/div>\n<\/div><\/div><div class=\"vc_tta-panel\" id=\"1481863275701-18665b8a-9f08\" data-vc-content=\".vc_tta-panel-body\"><div class=\"vc_tta-panel-heading\"><h4 class=\"vc_tta-panel-title\"><a href=\"#1481863275701-18665b8a-9f08\" data-vc-accordion data-vc-container=\".vc_tta-container\"><span class=\"vc_tta-title-text\">Are payments on the LHOV website secure?<\/span><\/a><\/h4><\/div><div class=\"vc_tta-panel-body\">\n\t<div class=\"wpb_text_column wpb_content_element\" >\n\t\t<div class=\"wpb_wrapper\">\n\t\t\t<p>Payments are made via the secure servers of our partners, STIPE and PAYPAL, secure payment operators. This implies that no personal banking information passes through the site. Payment by credit card and PYAPAL account are therefore completely secure.<\/p>\n\n\t\t<\/div>\n\t<\/div>\n<\/div><\/div><\/div><\/div><\/div><\/div><div class=\"vc_empty_space\"   style=\"height: 80px\"><span class=\"vc_empty_space_inner\"><\/span><\/div><h2 style=\"font-size: 35px;color: #212121;text-align: left;font-family:Work Sans;font-weight:400;font-style:normal\" class=\"vc_custom_heading vc_do_custom_heading\" >How to offer LHOV products?<\/h2><div class=\"vc_empty_space\"   style=\"height: 10px\"><span class=\"vc_empty_space_inner\"><\/span><\/div><div class=\"vc_tta-container\" data-vc-action=\"collapse\"><div class=\"vc_general vc_tta vc_tta-accordion vc_tta-color-grey vc_tta-style-lezada-addons vc_tta-shape-square vc_tta-o-shape-group vc_tta-controls-align-default vc_tta-o-no-fill\"><div class=\"vc_tta-panels-container\"><div class=\"vc_tta-panels\"><div class=\"vc_tta-panel vc_active\" id=\"1481863313148-f80c3230-ba62\" data-vc-content=\".vc_tta-panel-body\"><div class=\"vc_tta-panel-heading\"><h4 class=\"vc_tta-panel-title\"><a href=\"#1481863313148-f80c3230-ba62\" data-vc-accordion data-vc-container=\".vc_tta-container\"><span class=\"vc_tta-title-text\">Would you like to place an order to offer a gift to a loved one ?<\/span><\/a><\/h4><\/div><div class=\"vc_tta-panel-body\">\n\t<div class=\"wpb_text_column wpb_content_element\" >\n\t\t<div class=\"wpb_wrapper\">\n\t\t\t<p>Each order is prepared with the utmost care. Your products can be presented in an elegant LHOV gift box. Finally, the invoice is sent only to the billing address and attached to the email confirming the dispatch of the order.<\/p>\n\n\t\t<\/div>\n\t<\/div>\n<\/div><\/div><\/div><\/div><\/div><\/div><div class=\"vc_empty_space\"   style=\"height: 80px\"><span class=\"vc_empty_space_inner\"><\/span><\/div><h2 style=\"font-size: 35px;color: #212121;text-align: left;font-family:Work Sans;font-weight:400;font-style:normal\" class=\"vc_custom_heading vc_do_custom_heading\" >Orders and returns<\/h2><div class=\"vc_empty_space\"   style=\"height: 10px\"><span class=\"vc_empty_space_inner\"><\/span><\/div><div class=\"vc_tta-container\" data-vc-action=\"collapse\"><div class=\"vc_general vc_tta vc_tta-accordion vc_tta-color-grey vc_tta-style-lezada-addons vc_tta-shape-square vc_tta-o-shape-group vc_tta-controls-align-default vc_tta-o-no-fill\"><div class=\"vc_tta-panels-container\"><div class=\"vc_tta-panels\"><div class=\"vc_tta-panel vc_active\" id=\"1605873915837-99bbfa17-331b\" data-vc-content=\".vc_tta-panel-body\"><div class=\"vc_tta-panel-heading\"><h4 class=\"vc_tta-panel-title\"><a href=\"#1605873915837-99bbfa17-331b\" data-vc-accordion data-vc-container=\".vc_tta-container\"><span class=\"vc_tta-title-text\">How do I place an order?<\/span><\/a><\/h4><\/div><div class=\"vc_tta-panel-body\">\n\t<div class=\"wpb_text_column wpb_content_element\" >\n\t\t<div class=\"wpb_wrapper\">\n\t\t\t<p>Click on a product photo or name of the desired product to see more detailed information. To place an order, click on the \"add to cart\" icon.<\/p>\n<p>By going to your cart, you can choose the quantity of each product to order. Then validate the order to be redirected to the account creation page or connection to an already existing account. You can then fill in the form with the required data and then fill in your delivery address. At the end of the procedure please choose the desired method of payment. Once the payment has been confirmed, you will receive an e-mail confirmation of your order with the delivery details.<\/p>\n\n\t\t<\/div>\n\t<\/div>\n<\/div><\/div><div class=\"vc_tta-panel\" id=\"1605873920605-5891943c-2002\" data-vc-content=\".vc_tta-panel-body\"><div class=\"vc_tta-panel-heading\"><h4 class=\"vc_tta-panel-title\"><a href=\"#1605873920605-5891943c-2002\" data-vc-accordion data-vc-container=\".vc_tta-container\"><span class=\"vc_tta-title-text\">How would it be possible to modify or cancel an order?<\/span><\/a><\/h4><\/div><div class=\"vc_tta-panel-body\">\n\t<div class=\"wpb_text_column wpb_content_element\" >\n\t\t<div class=\"wpb_wrapper\">\n\t\t\t<p>Up to the \"validate payment \" step, you can modify your order by clicking on the back arrow at the top left of the screen or by clicking on \"Modify my cart\". You will then be redirected to your cart where you can modify the content of your order.<\/p>\n<p>Once your order has been placed, it is impossible for us to cancel or modify it. In fact, the products are prepared quickly in order to guarantee the shortest delivery times. In the event of an error, we invite you to apply your legal withdrawal period upon receipt of your order and return it to us within 14 days for refund.<\/p>\n\n\t\t<\/div>\n\t<\/div>\n<\/div><\/div><div class=\"vc_tta-panel\" id=\"1605874022109-0a05c51f-7bb2\" data-vc-content=\".vc_tta-panel-body\"><div class=\"vc_tta-panel-heading\"><h4 class=\"vc_tta-panel-title\"><a href=\"#1605874022109-0a05c51f-7bb2\" data-vc-accordion data-vc-container=\".vc_tta-container\"><span class=\"vc_tta-title-text\">How to contact customer service?<\/span><\/a><\/h4><\/div><div class=\"vc_tta-panel-body\">\n\t<div class=\"wpb_text_column wpb_content_element\" >\n\t\t<div class=\"wpb_wrapper\">\n\t\t\t<p>Do you have a problem with your order or do you have a special request for it? we are available by email at <a href=\"mailto:info@lhov.fr\">info@lhov.fr<\/a><\/p>\n\n\t\t<\/div>\n\t<\/div>\n<\/div><\/div><\/div><\/div><\/div><\/div><div class=\"vc_empty_space\"   style=\"height: 80px\"><span class=\"vc_empty_space_inner\"><\/span><\/div><\/div><\/div><\/div><\/div>\n<\/div>","protected":false},"excerpt":{"rendered":"Informations de LivraisonQuels sont les modes de livraison disponibles chez LHOV ? Chez LHOV vous pouvez choisir de vous faire livrer par les modes suivant\u00a0: - Chronopost\u00a0: A domicile (\u00e0 partir de 24h de d\u00e9lais) En point relais (\u00e0 partir de 24h de d\u00e9lais 24) - Colissimo\u00a0:\u00a0\u00a0\u00a0\u00a0 A domicile avec signature (\u00e0 partir de 48h [...]","protected":false},"author":1,"featured_media":0,"parent":0,"menu_order":0,"comment_status":"closed","ping_status":"closed","template":"","meta":{"footnotes":""},"class_list":["post-2459","page","type-page","status-publish","hentry"],"_links":{"self":[{"href":"https:\/\/lhov.fr\/en\/wp-json\/wp\/v2\/pages\/2459","targetHints":{"allow":["GET"]}}],"collection":[{"href":"https:\/\/lhov.fr\/en\/wp-json\/wp\/v2\/pages"}],"about":[{"href":"https:\/\/lhov.fr\/en\/wp-json\/wp\/v2\/types\/page"}],"author":[{"embeddable":true,"href":"https:\/\/lhov.fr\/en\/wp-json\/wp\/v2\/users\/1"}],"replies":[{"embeddable":true,"href":"https:\/\/lhov.fr\/en\/wp-json\/wp\/v2\/comments?post=2459"}],"version-history":[{"count":5,"href":"https:\/\/lhov.fr\/en\/wp-json\/wp\/v2\/pages\/2459\/revisions"}],"predecessor-version":[{"id":5500,"href":"https:\/\/lhov.fr\/en\/wp-json\/wp\/v2\/pages\/2459\/revisions\/5500"}],"wp:attachment":[{"href":"https:\/\/lhov.fr\/en\/wp-json\/wp\/v2\/media?parent=2459"}],"curies":[{"name":"wp","href":"https:\/\/api.w.org\/{rel}","templated":true}]}}