{"id":3589,"date":"2018-04-19T17:31:52","date_gmt":"2018-04-19T10:31:52","guid":{"rendered":"https:\/\/lezadaa.thememove.com\/?page_id=3589"},"modified":"2020-11-18T15:24:06","modified_gmt":"2020-11-18T14:24:06","slug":"coming-soon","status":"publish","type":"page","link":"https:\/\/lhov.fr\/en\/coming-soon\/","title":{"rendered":"Coming Soon"},"content":{"rendered":"<div class=\"wpb-content-wrapper\"><div data-vc-full-width=\"true\" data-vc-full-width-init=\"false\" class=\"vc_row wpb_row row coming-soon-row vc_custom_1601624898970 vc_row-has-fill vc_row-o-full-height vc_row-o-columns-middle vc_row-o-equal-height vc_row-o-content-middle vc_row-flex\"><div class=\"wpb_column vc_column_container col-sm-12 col-lg-8 col-md-12 col-xs-12\"><div class=\"vc_column-inner\"><div class=\"wpb_wrapper\">\n\t<div  class=\"wpb_single_image wpb_content_element vc_align_left wpb_content_element vc_custom_1605709444982\">\n\t\t\n\t\t<figure class=\"wpb_wrapper vc_figure\">\n\t\t\t<div class=\"vc_single_image-wrapper   vc_box_border_grey\"><img decoding=\"async\" class=\"vc_single_image-img\" src=\"https:\/\/lhov.fr\/wp-content\/uploads\/2020\/06\/Lhov-Logo-200x72.png\" width=\"200\" height=\"72\" alt=\"Lhov-Logo\" title=\"Lhov-Logo\" loading=\"lazy\" \/><\/div>\n\t\t<\/figure>\n\t<\/div>\n<h2 style=\"font-size: 38px;color: #333333;line-height: 48px;text-align: left;font-family:Work Sans;font-weight:400;font-style:normal\" class=\"vc_custom_heading vc_do_custom_heading\" >En construction<\/h2>\n\t<div class=\"wpb_text_column wpb_content_element\" >\n\t\t<div class=\"wpb_wrapper\">\n\t\t\t<h4 style=\"text-align: left;\">Inscrivez-vous \u00e0 la newsletter pour \u00eatre pr\u00e9venu(e) du lancement!<\/h4>\n\n\t\t<\/div>\n\t<\/div>\n\n\t<div class=\"wpb_text_column wpb_content_element\" >\n\t\t<div class=\"wpb_wrapper\">\n\t\t\t\n\t\t\t<form id=\"sib_signup_form_2\" method=\"post\" class=\"sib_signup_form\" action=\"\">\n\t\t\t\t<div class=\"sib_loader\" style=\"display:none;\"><img\n\t\t\t\t\t\t\tsrc=\"https:\/\/lhov.fr\/wp-includes\/images\/spinner.gif\" alt=\"loader\"><\/div>\n\t\t\t\t<input type=\"hidden\" name=\"sib_form_action\" value=\"subscribe_form_submit\">\n\t\t\t\t<input type=\"hidden\" name=\"sib_form_id\" value=\"2\">\n                <input type=\"hidden\" name=\"sib_form_alert_notice\" value=\"Remplissez ce champ s\u2019il vous pla\u00eet\">\n                <input type=\"hidden\" name=\"sib_form_invalid_email_notice\" value=\"Cette adresse email n\\\\\\\\\\\\\\\\\\\\\\\\\\\\\\\\\\\\\\\\\\\\\\\\\\\\\\\\\\\\\\\\\\\\\\\\\\\\\\\\\\\\\\\\\\\\\\\\\\\\\\\\\\\\\\\\\\\\\\\\\\\\\\\\\\\\\\\\\\\\\\\\\\\\\\\\\\\\\\\\\\\\\\\\\\\\\\\\\\\\\\\\\\\\\\\\\\\\\\\\\\\\\\\\\\\\\\\\\\\\\\\\\\\\\\\\\\\\\\\\\\\\\\\\\\\\\\\\\\\\\\\\\\\\\\\\\\\\\\\\\\\\\\\\\\\\\\\\\\\\\\\\\\\\\\\\\\\\\\\\\\\\\\\\\\\\\\\\\\\\\\\\\\\\\\\\\\\\\\\\\\\\\\\\\\\\\\\\\\\\\\\\\\\\\\\\\\\\\\\\\\\\\\\\\\\\\\\\\\\\\\\\\\\\\\\\\\\\\\\\\\\\\\\\\\\\\\\\\\\\\\\\\\\\\">\n                <input type=\"hidden\" name=\"sib_security\" value=\"1b7b6884bd\">\n\t\t\t\t<div class=\"sib_signup_box_inside_2\">\n\t\t\t\t\t<div style=\"\/*display:none*\/\" class=\"sib_msg_disp\">\n\t\t\t\t\t<\/div>\n                    \t\t\t\t\t<p class=\"sib-email-area\"> \r\n    <input type=\"email\" class=\"sib-email-area\" placeholder=\"Email Address\" name=\"email\" value=\"\" required=\"required\"> \r\n<\/p>\r\n<\/p><p class=\"sib-NOM-area\">  \r\n    <input type=\"text\" class=\"sib-NOM-area\" placeholder=\"Name\" name=\"NOM\" required=\"required\"> \r\n<\/p>\r\n<br>\r\n<input type=\"checkbox\" name=\"terms\" required=\"required\"> En cochant cette case, j'accepte de recevoir des informations par mail de la part de LHOV<\/a>\r\n<\/br> \r\n<br>\r\n<p>\r\n    <input type=\"submit\" class=\"sib-default-btn\" value=\"SUBSCRIBE\">\r\n\r\n\t\t\t\t<\/div>\n\t\t\t<input type=\"hidden\" name=\"trp-form-language\" value=\"en\"\/><\/form>\n\t\t\t<style>\n\t\t\t\tform#sib_signup_form_2 p.sib-alert-message {\n    padding: 6px 12px;\n    margin-bottom: 20px;\n    border: 1px solid transparent;\n    border-radius: 4px;\n    -webkit-box-sizing: border-box;\n    -moz-box-sizing: border-box;\n    box-sizing: border-box;\n}\nform#sib_signup_form_2 p.sib-alert-message-error {\n    background-color: #f2dede;\n    border-color: #ebccd1;\n    color: #a94442;\n}\nform#sib_signup_form_2 p.sib-alert-message-success {\n    background-color: #dff0d8;\n    border-color: #d6e9c6;\n    color: #3c763d;\n}\nform#sib_signup_form_2 p.sib-alert-message-warning {\n    background-color: #fcf8e3;\n    border-color: #faebcc;\n    color: #8a6d3b;\n}\n\t\t\t<\/style>\n\t\t\t\n\n\t\t<\/div>\n\t<\/div>\n\n<div class=\"tm-shortcode lezada-space\" id=\"lezada-space-1\"><\/div>\n<\/div><\/div><\/div><div class=\"wpb_column vc_column_container col-sm-12 col-lg-4 col-md-12 vc_hidden-sm vc_hidden-xs\"><div class=\"vc_column-inner\"><div class=\"wpb_wrapper\"><\/div><\/div><\/div><\/div><div class=\"vc_row-full-width vc_clearfix\"><\/div>\n<\/div>","protected":false},"excerpt":{"rendered":"En construction Inscrivez-vous \u00e0 la newsletter pour \u00eatre pr\u00e9venu(e) du lancement! En cochant cette case, j'accepte de recevoir des informations par mail de la part de LHOV","protected":false},"author":1,"featured_media":0,"parent":0,"menu_order":0,"comment_status":"closed","ping_status":"closed","template":"coming-soon.php","meta":{"footnotes":""},"class_list":["post-3589","page","type-page","status-publish","hentry"],"_links":{"self":[{"href":"https:\/\/lhov.fr\/en\/wp-json\/wp\/v2\/pages\/3589","targetHints":{"allow":["GET"]}}],"collection":[{"href":"https:\/\/lhov.fr\/en\/wp-json\/wp\/v2\/pages"}],"about":[{"href":"https:\/\/lhov.fr\/en\/wp-json\/wp\/v2\/types\/page"}],"author":[{"embeddable":true,"href":"https:\/\/lhov.fr\/en\/wp-json\/wp\/v2\/users\/1"}],"replies":[{"embeddable":true,"href":"https:\/\/lhov.fr\/en\/wp-json\/wp\/v2\/comments?post=3589"}],"version-history":[{"count":19,"href":"https:\/\/lhov.fr\/en\/wp-json\/wp\/v2\/pages\/3589\/revisions"}],"predecessor-version":[{"id":5465,"href":"https:\/\/lhov.fr\/en\/wp-json\/wp\/v2\/pages\/3589\/revisions\/5465"}],"wp:attachment":[{"href":"https:\/\/lhov.fr\/en\/wp-json\/wp\/v2\/media?parent=3589"}],"curies":[{"name":"wp","href":"https:\/\/api.w.org\/{rel}","templated":true}]}}