{"id":4647,"date":"2020-06-17T15:37:16","date_gmt":"2020-06-17T13:37:16","guid":{"rendered":"https:\/\/bechic.fr\/client\/wp5\/?page_id=4647"},"modified":"2020-11-26T11:25:07","modified_gmt":"2020-11-26T10:25:07","slug":"la-gamme-ambaville","status":"publish","type":"page","link":"https:\/\/lhov.fr\/en\/la-gamme-ambaville\/","title":{"rendered":"The Ambaville product line"},"content":{"rendered":"<div class=\"wpb-content-wrapper\"><div class=\"vc_row wpb_row row\"><div class=\"wpb_column vc_column_container col-sm-12\"><div class=\"vc_column-inner\"><div class=\"wpb_wrapper\"><h2 style=\"font-size: 34px;color: #333333;line-height: 44px;text-align: center\" class=\"vc_custom_heading vc_do_custom_heading maxwidth800 wpb_animate_when_almost_visible wpb_fadeInUp fadeInUp vc_custom_1593615460252\" >The organic skincare line that combines ancestral virtues and modernity<\/h2><div class=\"vc_separator wpb_content_element vc_separator_align_center vc_sep_width_10 vc_sep_border_width_2 vc_sep_pos_align_center vc_separator_no_text vc_sep_color_black vc_custom_1593615467526 wpb_content_element  vc_custom_1593615467526 wpb_content_element wpb_animate_when_almost_visible wpb_fadeInUp fadeInUp wpb_animate_when_almost_visible wpb_fadeInUp fadeInUp\" ><span class=\"vc_sep_holder vc_sep_holder_l\"><span class=\"vc_sep_line\"><\/span><\/span><span class=\"vc_sep_holder vc_sep_holder_r\"><span class=\"vc_sep_line\"><\/span><\/span>\n<\/div><h2 style=\"font-size: 24px;color: #727272;line-height: 34px;text-align: center\" class=\"vc_custom_heading vc_do_custom_heading vc_custom_1593599959545\" >3 products designed with a unique natural active ingredient<\/h2>\n<div class=\"tm-shortcode lezada-space\" id=\"lezada-space-1\"><\/div>\n<div class=\"tm-shortcode lezada-product-grid   wpb_animate_when_almost_visible wpb_move-up move-up  tm-animation move-up\" id=\"lezada-product-grid-2\"\n     data-atts=\"{&quot;data_source&quot;:&quot;categories&quot;,&quot;product_cat_slugs&quot;:&quot;ambaville&quot;,&quot;product_ids&quot;:&quot;&quot;,&quot;attribute&quot;:&quot;color&quot;,&quot;filter&quot;:&quot;&quot;,&quot;number&quot;:&quot;3&quot;,&quot;columns&quot;:&quot;3&quot;,&quot;exclude&quot;:&quot;&quot;,&quot;include_children&quot;:&quot;yes&quot;,&quot;img_size&quot;:&quot;woocommerce_thumbnail&quot;,&quot;pagination_type&quot;:&quot;&quot;,&quot;product_style&quot;:&quot;default&quot;,&quot;el_class&quot;:&quot;&quot;,&quot;orderby&quot;:&quot;none&quot;,&quot;order&quot;:&quot;&quot;,&quot;css&quot;:&quot;&quot;,&quot;animation&quot;:&quot;move-up&quot;,&quot;trp_param_show&quot;:&quot;&quot;,&quot;trp_param_show_language&quot;:&quot;&quot;,&quot;trp_param_exclude&quot;:&quot;&quot;,&quot;trp_param_exclude_languages&quot;:&quot;&quot;}\">\n\n\t<div class=\"products-grid-content\">\n\t\t<div class=\"products row ajax-products\" data-min_price=\"\"\n     data-max_price=\"\">\n<div class=\"product product-loop col-xs-12 col-sm-6 col-md-4 col-lg-3 col-xl-4 product-style--default  post-73 type-product status-publish has-post-thumbnail product_cat-ambaville product_shipping_class-medium-heavy-product first instock featured taxable shipping-taxable purchasable product-type-simple\">\n\t\t<div class=\"product-thumb\">\n\t\t<a href=\"https:\/\/lhov.fr\/en\/product\/huile-multifonction-corps-et-cheveux\/\" class=\"woocommerce-LoopProduct-link woocommerce-loop-product__link\"><img loading=\"lazy\" decoding=\"async\" width=\"600\" height=\"800\" src=\"https:\/\/lhov.fr\/wp-content\/uploads\/2013\/06\/MOCKUP_3D_FLACON_AMBAVILLE-3-6-600x800.png\" class=\"thumb-image wp-post-image\" alt=\"\" \/><img loading=\"lazy\" decoding=\"async\" width=\"600\" height=\"800\" src=\"https:\/\/lhov.fr\/wp-content\/uploads\/2013\/06\/MOCKUP_3D_FLACON_AMBAVILLE-3-7-600x800.png\" class=\"hover-image\" alt=\"\" srcset=\"https:\/\/lhov.fr\/wp-content\/uploads\/2013\/06\/MOCKUP_3D_FLACON_AMBAVILLE-3-7-600x800.png 600w, https:\/\/lhov.fr\/wp-content\/uploads\/2013\/06\/MOCKUP_3D_FLACON_AMBAVILLE-3-7-540x720.png 540w, https:\/\/lhov.fr\/wp-content\/uploads\/2013\/06\/MOCKUP_3D_FLACON_AMBAVILLE-3-7-225x300.png 225w, https:\/\/lhov.fr\/wp-content\/uploads\/2013\/06\/MOCKUP_3D_FLACON_AMBAVILLE-3-7-768x1024.png 768w, https:\/\/lhov.fr\/wp-content\/uploads\/2013\/06\/MOCKUP_3D_FLACON_AMBAVILLE-3-7-9x12.png 9w, https:\/\/lhov.fr\/wp-content\/uploads\/2013\/06\/MOCKUP_3D_FLACON_AMBAVILLE-3-7.png 1122w\" sizes=\"auto, (max-width: 600px) 100vw, 600px\" \/><\/a>\t\t\t<div class=\"product-buttons\">\n\t\t\t\t\t\t\t\t<div class=\"quick-view-btn hint--left hint-bounce\"\n\t\t\t\t     aria-label=\"Quick View\"\n\t\t\t\t     data-pid=\"73\"\n\t\t\t\t     data-pnonce=\"ac1dc72b97\">\n\t\t\t\t\t<a href=\"#\" aria-label=\"Quick View\" rel=\"nofollow\">\n\t\t\t\t\t\tQuick View\t\t\t\t\t<\/a>\n\t\t\t\t<\/div>\n\t\t\t\t\t\t<\/div>\n\t\t\t\t<\/div>\n\n\t<div class=\"product-info\">\n\n\t\t<div class=\"title-wrap\">\n\t\t<h3 class=\"product-title\"><a href=\"https:\/\/lhov.fr\/en\/product\/huile-multifonction-corps-et-cheveux\/\">Huile Multifonction  \u2013 200ml<\/a><\/h3><div class=\"add-to-cart-btn\">\n\t<a href=\"\/en\/wp-json\/wp\/v2\/pages\/4647?add-to-cart=73\" aria-describedby=\"woocommerce_loop_add_to_cart_link_describedby_73\" data-quantity=\"1\" class=\"button product_type_simple add_to_cart_button ajax_add_to_cart\" data-product_id=\"73\" data-product_sku=\"003\" aria-label=\"Add to cart: \u201cHuile multifonction corps et cheveux - 200ml\u201d\" rel=\"nofollow\" data-success_message=\"\u201cHuile multifonction corps et cheveux - 200ml\u201d has been added to your cart\" data-product_name=\"Huile multifonction corps et cheveux &#8211; 200ml\" role=\"button\" data-no-translation=\"\" data-trp-gettext=\"\" data-no-translation-aria-label=\"\" data-no-translation-data-success_message=\"\">Add to cart<\/a>\t\t\t<span id=\"woocommerce_loop_add_to_cart_link_describedby_73\" class=\"screen-reader-text\">\n\t\t\t\t\t<\/span>\n\t<\/div>\n\n\t\t<\/div>\n\n\t\t\n\t<span class=\"price\"><span class=\"woocommerce-Price-amount amount\"><bdi>35,00<span class=\"woocommerce-Price-currencySymbol\">&euro;<\/span><\/bdi><\/span><\/span>\n<div class=\"product-rating\">\n\t<\/div>\n\n\t\t\t<\/div>\n<\/div>\n\n<div class=\"product product-loop col-xs-12 col-sm-6 col-md-4 col-lg-3 col-xl-4 product-style--default  post-76 type-product status-publish has-post-thumbnail product_cat-coffret-1e product_cat-ambaville product_shipping_class-medium-heavy-product instock featured taxable shipping-taxable purchasable product-type-simple\">\n\t\t<div class=\"product-thumb\">\n\t\t<a href=\"https:\/\/lhov.fr\/en\/product\/huile-de-beaute-visage\/\" class=\"woocommerce-LoopProduct-link woocommerce-loop-product__link\"><img loading=\"lazy\" decoding=\"async\" width=\"600\" height=\"800\" src=\"https:\/\/lhov.fr\/wp-content\/uploads\/2013\/06\/MOCKUP_3D_FLACON_AMBAVILLE-1-5-600x800.png\" class=\"thumb-image wp-post-image\" alt=\"\" \/><img loading=\"lazy\" decoding=\"async\" width=\"600\" height=\"800\" src=\"https:\/\/lhov.fr\/wp-content\/uploads\/2013\/06\/MOCKUP_3D_FLACON_AMBAVILLE-1-6-600x800.png\" class=\"hover-image\" alt=\"\" srcset=\"https:\/\/lhov.fr\/wp-content\/uploads\/2013\/06\/MOCKUP_3D_FLACON_AMBAVILLE-1-6-600x800.png 600w, https:\/\/lhov.fr\/wp-content\/uploads\/2013\/06\/MOCKUP_3D_FLACON_AMBAVILLE-1-6-540x719.png 540w, https:\/\/lhov.fr\/wp-content\/uploads\/2013\/06\/MOCKUP_3D_FLACON_AMBAVILLE-1-6-225x300.png 225w, https:\/\/lhov.fr\/wp-content\/uploads\/2013\/06\/MOCKUP_3D_FLACON_AMBAVILLE-1-6-9x12.png 9w, https:\/\/lhov.fr\/wp-content\/uploads\/2013\/06\/MOCKUP_3D_FLACON_AMBAVILLE-1-6.png 684w\" sizes=\"auto, (max-width: 600px) 100vw, 600px\" \/><\/a>\t\t\t<div class=\"product-buttons\">\n\t\t\t\t\t\t\t\t<div class=\"quick-view-btn hint--left hint-bounce\"\n\t\t\t\t     aria-label=\"Quick View\"\n\t\t\t\t     data-pid=\"76\"\n\t\t\t\t     data-pnonce=\"ac1dc72b97\">\n\t\t\t\t\t<a href=\"#\" aria-label=\"Quick View\" rel=\"nofollow\">\n\t\t\t\t\t\tQuick View\t\t\t\t\t<\/a>\n\t\t\t\t<\/div>\n\t\t\t\t\t\t<\/div>\n\t\t\t\t<\/div>\n\n\t<div class=\"product-info\">\n\n\t\t<div class=\"title-wrap\">\n\t\t<h3 class=\"product-title\"><a href=\"https:\/\/lhov.fr\/en\/product\/huile-de-beaute-visage\/\">Huile de Beaut\u00e9 Visage - 30ml<\/a><\/h3><div class=\"add-to-cart-btn\">\n\t<a href=\"\/en\/wp-json\/wp\/v2\/pages\/4647?add-to-cart=76\" aria-describedby=\"woocommerce_loop_add_to_cart_link_describedby_76\" data-quantity=\"1\" class=\"button product_type_simple add_to_cart_button ajax_add_to_cart\" data-product_id=\"76\" data-product_sku=\"002\" aria-label=\"Add to cart: \u201cHuile de beaut\u00e9 visage - 30ml\u201d\" rel=\"nofollow\" data-success_message=\"\u201cHuile de beaut\u00e9 visage - 30ml\u201d has been added to your cart\" data-product_name=\"Huile de beaut\u00e9 visage &#8211; 30ml\" role=\"button\" data-no-translation=\"\" data-trp-gettext=\"\" data-no-translation-aria-label=\"\" data-no-translation-data-success_message=\"\">Add to cart<\/a>\t\t\t<span id=\"woocommerce_loop_add_to_cart_link_describedby_76\" class=\"screen-reader-text\">\n\t\t\t\t\t<\/span>\n\t<\/div>\n\n\t\t<\/div>\n\n\t\t\n\t<span class=\"price\"><span class=\"woocommerce-Price-amount amount\"><bdi>32,00<span class=\"woocommerce-Price-currencySymbol\">&euro;<\/span><\/bdi><\/span><\/span>\n<div class=\"product-rating\">\n\t<\/div>\n\n\t\t\t<\/div>\n<\/div>\n\n<div class=\"product product-loop col-xs-12 col-sm-6 col-md-4 col-lg-3 col-xl-4 product-style--default  post-87 type-product status-publish has-post-thumbnail product_cat-ambaville product_shipping_class-medium-heavy-product instock featured taxable shipping-taxable purchasable product-type-simple\">\n\t\t<div class=\"product-thumb\">\n\t\t<a href=\"https:\/\/lhov.fr\/en\/product\/huile-demaquillante-naturelle-et-bio\/\" class=\"woocommerce-LoopProduct-link woocommerce-loop-product__link\"><img loading=\"lazy\" decoding=\"async\" width=\"600\" height=\"800\" src=\"https:\/\/lhov.fr\/wp-content\/uploads\/2013\/06\/MOCKUP_3D_FLACON_AMBAVILLE-2-5-600x800.png\" class=\"thumb-image wp-post-image\" alt=\"\" \/><img loading=\"lazy\" decoding=\"async\" width=\"600\" height=\"800\" src=\"https:\/\/lhov.fr\/wp-content\/uploads\/2013\/06\/MOCKUP_3D_FLACON_AMBAVILLE-2-6-600x800.png\" class=\"hover-image\" alt=\"\" srcset=\"https:\/\/lhov.fr\/wp-content\/uploads\/2013\/06\/MOCKUP_3D_FLACON_AMBAVILLE-2-6-600x800.png 600w, https:\/\/lhov.fr\/wp-content\/uploads\/2013\/06\/MOCKUP_3D_FLACON_AMBAVILLE-2-6-540x720.png 540w, https:\/\/lhov.fr\/wp-content\/uploads\/2013\/06\/MOCKUP_3D_FLACON_AMBAVILLE-2-6-225x300.png 225w, https:\/\/lhov.fr\/wp-content\/uploads\/2013\/06\/MOCKUP_3D_FLACON_AMBAVILLE-2-6-768x1023.png 768w, https:\/\/lhov.fr\/wp-content\/uploads\/2013\/06\/MOCKUP_3D_FLACON_AMBAVILLE-2-6-9x12.png 9w, https:\/\/lhov.fr\/wp-content\/uploads\/2013\/06\/MOCKUP_3D_FLACON_AMBAVILLE-2-6.png 941w\" sizes=\"auto, (max-width: 600px) 100vw, 600px\" \/><\/a>\t\t\t<div class=\"product-buttons\">\n\t\t\t\t\t\t\t\t<div class=\"quick-view-btn hint--left hint-bounce\"\n\t\t\t\t     aria-label=\"Quick View\"\n\t\t\t\t     data-pid=\"87\"\n\t\t\t\t     data-pnonce=\"ac1dc72b97\">\n\t\t\t\t\t<a href=\"#\" aria-label=\"Quick View\" rel=\"nofollow\">\n\t\t\t\t\t\tQuick View\t\t\t\t\t<\/a>\n\t\t\t\t<\/div>\n\t\t\t\t\t\t<\/div>\n\t\t\t\t<\/div>\n\n\t<div class=\"product-info\">\n\n\t\t<div class=\"title-wrap\">\n\t\t<h3 class=\"product-title\"><a href=\"https:\/\/lhov.fr\/en\/product\/huile-demaquillante-naturelle-et-bio\/\">Huile nettoyante \u2013 100ml<\/a><\/h3><div class=\"add-to-cart-btn\">\n\t<a href=\"\/en\/wp-json\/wp\/v2\/pages\/4647?add-to-cart=87\" aria-describedby=\"woocommerce_loop_add_to_cart_link_describedby_87\" data-quantity=\"1\" class=\"button product_type_simple add_to_cart_button ajax_add_to_cart\" data-product_id=\"87\" data-product_sku=\"001\" aria-label=\"Add to cart: \u201cHuile nettoyante naturelle et bio - 100ml\u201d\" rel=\"nofollow\" data-success_message=\"\u201cHuile nettoyante naturelle et bio - 100ml\u201d has been added to your cart\" data-product_name=\"Huile nettoyante naturelle et bio &#8211; 100ml\" role=\"button\" data-no-translation=\"\" data-trp-gettext=\"\" data-no-translation-aria-label=\"\" data-no-translation-data-success_message=\"\">Add to cart<\/a>\t\t\t<span id=\"woocommerce_loop_add_to_cart_link_describedby_87\" class=\"screen-reader-text\">\n\t\t\t\t\t<\/span>\n\t<\/div>\n\n\t\t<\/div>\n\n\t\t\n\t<span class=\"price\"><span class=\"woocommerce-Price-amount amount\"><bdi>22,00<span class=\"woocommerce-Price-currencySymbol\">&euro;<\/span><\/bdi><\/span><\/span>\n<div class=\"product-rating\">\n\t<\/div>\n\n\t\t\t<\/div>\n<\/div>\n\n<\/div>\n\t<\/div>\n\n\t\n<\/div>\n\n\t<div class=\"wpb_text_column wpb_content_element wpb_animate_when_almost_visible wpb_fadeInUp fadeInUp\" >\n\t\t<div class=\"wpb_wrapper\">\n\t\t\t<p style=\"text-align: justify;\">LHOV has signed a skincare line composed of three products essential to the natural beauty of the skin. A make-up remover oil, a protective face oil and a multipurpose face, body and hair oil. For this innovative line, LHOV has selected a medicinal plant listed in the French Pharmacopoeia, <em>Hubertia ambavilla<\/em>. The plant is endemic to R\u00e9union Island and has acknowledged medicinal properties. <em>Hubertia ambavilla<\/em> is well-known for its healing properties on eczema, scabs, pimples, burns and itching. <em>L\u2019Hubertia ambavilla<\/em>, de son nom savant, est notamment r\u00e9put\u00e9e pour ses vertus curatives sur l\u2019ecz\u00e9ma, les dartres, les boutons, les br\u00fblures et les d\u00e9mangeaisons.<\/p>\n<p class=\"p1\" style=\"letter-spacing: 0.5px; color: #7e7e7e; line-height: 26px; text-align: justify;\">With its organic Hubertia ambavilla extract, LHOV combines a high-performance selection of French organic plant oils reputed for their moisturising, nourishing, antioxidant and soothing properties.<\/p>\n\n\t\t<\/div>\n\t<\/div>\n<\/div><\/div><\/div><\/div><div data-vc-full-width=\"true\" data-vc-full-width-init=\"false\" class=\"vc_row wpb_row row vc_custom_1593527491945 vc_row-has-fill\"><div class=\"wpb_column vc_column_container col-sm-12\"><div class=\"vc_column-inner vc_custom_1517819560986\"><div class=\"wpb_wrapper\">\n<div class=\"tm-shortcode lezada-space\" id=\"lezada-space-3\"><\/div>\n<h2 style=\"font-size: 34px;color: #333333;line-height: 44px;text-align: center\" class=\"vc_custom_heading vc_do_custom_heading maxwidth800 wpb_animate_when_almost_visible wpb_fadeInUp fadeInUp vc_custom_1593615489328\" >Skincare focused on a state-of-the-art formula ideal for sensitive skin<\/h2><div class=\"vc_separator wpb_content_element vc_separator_align_center vc_sep_width_10 vc_sep_border_width_2 vc_sep_pos_align_center vc_separator_no_text vc_sep_color_black vc_custom_1593600410812 wpb_content_element  vc_custom_1593600410812 wpb_content_element\" ><span class=\"vc_sep_holder vc_sep_holder_l\"><span class=\"vc_sep_line\"><\/span><\/span><span class=\"vc_sep_holder vc_sep_holder_r\"><span class=\"vc_sep_line\"><\/span><\/span>\n<\/div>\n<div class=\"tm-shortcode lezada-space\" id=\"lezada-space-4\"><\/div>\n<div class=\"vc_row wpb_row vc_inner row vc_row-o-equal-height vc_row-o-content-middle vc_row-flex\"><div class=\"wpb_column vc_column_container col-sm-6\"><div class=\"vc_column-inner\"><div class=\"wpb_wrapper\">\n\t<div  class=\"wpb_single_image wpb_content_element vc_align_left wpb_content_element wpb_animate_when_almost_visible wpb_fadeInLeft fadeInLeft\">\n\t\t\n\t\t<figure class=\"wpb_wrapper vc_figure\">\n\t\t\t<div class=\"vc_single_image-wrapper   vc_box_border_grey\"><img loading=\"lazy\" decoding=\"async\" width=\"1200\" height=\"900\" src=\"https:\/\/lhov.fr\/wp-content\/uploads\/2020\/07\/arbuste-ambaville-2.jpg\" class=\"vc_single_image-img attachment-full\" alt=\"\" title=\"arbuste-ambaville\" srcset=\"https:\/\/lhov.fr\/wp-content\/uploads\/2020\/07\/arbuste-ambaville-2.jpg 1200w, https:\/\/lhov.fr\/wp-content\/uploads\/2020\/07\/arbuste-ambaville-2-540x405.jpg 540w, https:\/\/lhov.fr\/wp-content\/uploads\/2020\/07\/arbuste-ambaville-2-300x225.jpg 300w, https:\/\/lhov.fr\/wp-content\/uploads\/2020\/07\/arbuste-ambaville-2-1024x768.jpg 1024w, https:\/\/lhov.fr\/wp-content\/uploads\/2020\/07\/arbuste-ambaville-2-768x576.jpg 768w\" sizes=\"auto, (max-width: 1200px) 100vw, 1200px\" \/><\/div>\n\t\t<\/figure>\n\t<\/div>\n<\/div><\/div><\/div><div class=\"wpb_column vc_column_container col-sm-6\"><div class=\"vc_column-inner\"><div class=\"wpb_wrapper\">\n\t<div class=\"wpb_text_column wpb_content_element wpb_animate_when_almost_visible wpb_fadeInUp fadeInUp\" >\n\t\t<div class=\"wpb_wrapper\">\n\t\t\t<p style=\"text-align: justify;\"><em>Hubertia ambavilla<\/em> leaf extracts are nested at the heart of a plant oil of the same family as the <em>Asteraceae<\/em>. The combination within the same botanical family releases the potential of the medicinal plant which our ancestors used to soothe sensitive skin. The plant is very rich in complex carbohydrates and polyphenols such as flavonoids, which have antioxidant properties.<\/p>\n\n\t\t<\/div>\n\t<\/div>\n<\/div><\/div><\/div><\/div><div class=\"vc_row wpb_row vc_inner row vc_row-o-equal-height vc_row-o-content-middle vc_row-flex\"><div class=\"vc_col-sm-push-6 wpb_column vc_column_container col-sm-6\"><div class=\"vc_column-inner\"><div class=\"wpb_wrapper\">\n\t<div  class=\"wpb_single_image wpb_content_element vc_align_left wpb_content_element wpb_animate_when_almost_visible wpb_fadeInRight fadeInRight\">\n\t\t\n\t\t<figure class=\"wpb_wrapper vc_figure\">\n\t\t\t<div class=\"vc_single_image-wrapper   vc_box_border_grey\"><img loading=\"lazy\" decoding=\"async\" width=\"1200\" height=\"800\" src=\"https:\/\/lhov.fr\/wp-content\/uploads\/2020\/06\/photo-oil.jpg\" class=\"vc_single_image-img attachment-full\" alt=\"\" title=\"photo-oil\" srcset=\"https:\/\/lhov.fr\/wp-content\/uploads\/2020\/06\/photo-oil.jpg 1200w, https:\/\/lhov.fr\/wp-content\/uploads\/2020\/06\/photo-oil-540x360.jpg 540w, https:\/\/lhov.fr\/wp-content\/uploads\/2020\/06\/photo-oil-300x200.jpg 300w, https:\/\/lhov.fr\/wp-content\/uploads\/2020\/06\/photo-oil-1024x683.jpg 1024w, https:\/\/lhov.fr\/wp-content\/uploads\/2020\/06\/photo-oil-768x512.jpg 768w\" sizes=\"auto, (max-width: 1200px) 100vw, 1200px\" \/><\/div>\n\t\t<\/figure>\n\t<\/div>\n<\/div><\/div><\/div><div class=\"vc_col-sm-pull-6 wpb_column vc_column_container col-sm-6\"><div class=\"vc_column-inner\"><div class=\"wpb_wrapper\">\n\t<div class=\"wpb_text_column wpb_content_element wpb_animate_when_almost_visible wpb_fadeInUp fadeInUp\" >\n\t\t<div class=\"wpb_wrapper\">\n\t\t\t<p style=\"text-align: justify;\">The natural active ingredients of the organic oil provide in-depth moisture and protect the epidermis from external aggressions and in particular sun exposure, the main enemy of the skin's health and youthfulness.<\/p>\n<p style=\"text-align: justify;\">The antioxidant and moisturising properties of this oil make it a sought-after ingredient in luxury cosmetics for top-of-the-range skincare products such as the Ambaville product line by LHOV.<\/p>\n\n\t\t<\/div>\n\t<\/div>\n<\/div><\/div><\/div><\/div><\/div><\/div><\/div><\/div><div class=\"vc_row-full-width vc_clearfix\"><\/div><div data-vc-full-width=\"true\" data-vc-full-width-init=\"false\" class=\"vc_row wpb_row row vc_custom_1592470902821 vc_row-has-fill\"><div class=\"wpb_column vc_column_container col-sm-12\"><div class=\"vc_column-inner vc_custom_1517819560986\"><div class=\"wpb_wrapper\">\n<div class=\"tm-shortcode lezada-space\" id=\"lezada-space-5\"><\/div>\n<h2 style=\"font-size: 34px;color: #333333;line-height: 44px;text-align: center\" class=\"vc_custom_heading vc_do_custom_heading maxwidth800 wpb_animate_when_almost_visible wpb_fadeInUp fadeInUp vc_custom_1593615516543\" >A cosmetic product line that contributes to protecting the medicinal plant sector in R\u00e9union Island<\/h2><div class=\"vc_separator wpb_content_element vc_separator_align_center vc_sep_width_10 vc_sep_border_width_2 vc_sep_pos_align_center vc_separator_no_text vc_sep_color_black vc_custom_1593615521916 wpb_content_element  vc_custom_1593615521916 wpb_content_element wpb_animate_when_almost_visible wpb_fadeInUp fadeInUp wpb_animate_when_almost_visible wpb_fadeInUp fadeInUp\" ><span class=\"vc_sep_holder vc_sep_holder_l\"><span class=\"vc_sep_line\"><\/span><\/span><span class=\"vc_sep_holder vc_sep_holder_r\"><span class=\"vc_sep_line\"><\/span><\/span>\n<\/div>\n<div class=\"tm-shortcode lezada-space\" id=\"lezada-space-6\"><\/div>\n<div class=\"vc_row wpb_row vc_inner row vc_row-o-equal-height vc_row-o-content-middle vc_row-flex\"><div class=\"wpb_column vc_column_container col-sm-6\"><div class=\"vc_column-inner\"><div class=\"wpb_wrapper\">\n\t<div  class=\"wpb_single_image wpb_content_element vc_align_left wpb_content_element wpb_animate_when_almost_visible wpb_fadeInLeft fadeInLeft\">\n\t\t\n\t\t<figure class=\"wpb_wrapper vc_figure\">\n\t\t\t<div class=\"vc_single_image-wrapper   vc_box_border_grey\"><img loading=\"lazy\" decoding=\"async\" width=\"1200\" height=\"900\" src=\"https:\/\/lhov.fr\/wp-content\/uploads\/2020\/07\/champ-ambaville-3.jpg\" class=\"vc_single_image-img attachment-full\" alt=\"\" title=\"champ-ambaville\" srcset=\"https:\/\/lhov.fr\/wp-content\/uploads\/2020\/07\/champ-ambaville-3.jpg 1200w, https:\/\/lhov.fr\/wp-content\/uploads\/2020\/07\/champ-ambaville-3-540x405.jpg 540w, https:\/\/lhov.fr\/wp-content\/uploads\/2020\/07\/champ-ambaville-3-300x225.jpg 300w, https:\/\/lhov.fr\/wp-content\/uploads\/2020\/07\/champ-ambaville-3-1024x768.jpg 1024w, https:\/\/lhov.fr\/wp-content\/uploads\/2020\/07\/champ-ambaville-3-768x576.jpg 768w\" sizes=\"auto, (max-width: 1200px) 100vw, 1200px\" \/><\/div>\n\t\t<\/figure>\n\t<\/div>\n<\/div><\/div><\/div><div class=\"wpb_column vc_column_container col-sm-6\"><div class=\"vc_column-inner\"><div class=\"wpb_wrapper\">\n\t<div class=\"wpb_text_column wpb_content_element wpb_animate_when_almost_visible wpb_fadeInUp fadeInUp\" >\n\t\t<div class=\"wpb_wrapper\">\n\t\t\t<h4>The LHOV product line focuses on an ethical and responsible approach<\/h4>\n<p style=\"text-align: justify;\">We work with a farming cooperative in R\u00e9union Island to favour a long-term partnership with the island\u2019s farmers. They have undertaken to comply with an ethical charter defined jointly by all the stakeholders.<\/p>\n\n\t\t<\/div>\n\t<\/div>\n<\/div><\/div><\/div><\/div>\n<div class=\"tm-shortcode lezada-space\" id=\"lezada-space-7\"><\/div>\n<\/div><\/div><\/div><\/div><div class=\"vc_row-full-width vc_clearfix\"><\/div>\n<\/div>","protected":false},"excerpt":{"rendered":"","protected":false},"author":1,"featured_media":0,"parent":0,"menu_order":0,"comment_status":"closed","ping_status":"closed","template":"","meta":{"footnotes":""},"class_list":["post-4647","page","type-page","status-publish","hentry"],"_links":{"self":[{"href":"https:\/\/lhov.fr\/en\/wp-json\/wp\/v2\/pages\/4647","targetHints":{"allow":["GET"]}}],"collection":[{"href":"https:\/\/lhov.fr\/en\/wp-json\/wp\/v2\/pages"}],"about":[{"href":"https:\/\/lhov.fr\/en\/wp-json\/wp\/v2\/types\/page"}],"author":[{"embeddable":true,"href":"https:\/\/lhov.fr\/en\/wp-json\/wp\/v2\/users\/1"}],"replies":[{"embeddable":true,"href":"https:\/\/lhov.fr\/en\/wp-json\/wp\/v2\/comments?post=4647"}],"version-history":[{"count":63,"href":"https:\/\/lhov.fr\/en\/wp-json\/wp\/v2\/pages\/4647\/revisions"}],"predecessor-version":[{"id":5294,"href":"https:\/\/lhov.fr\/en\/wp-json\/wp\/v2\/pages\/4647\/revisions\/5294"}],"wp:attachment":[{"href":"https:\/\/lhov.fr\/en\/wp-json\/wp\/v2\/media?parent=4647"}],"curies":[{"name":"wp","href":"https:\/\/api.w.org\/{rel}","templated":true}]}}