{"id":4649,"date":"2020-06-17T15:37:42","date_gmt":"2020-06-17T13:37:42","guid":{"rendered":"https:\/\/bechic.fr\/client\/wp5\/?page_id=4649"},"modified":"2022-04-15T14:53:13","modified_gmt":"2022-04-15T12:53:13","slug":"a-propos","status":"publish","type":"page","link":"https:\/\/lhov.fr\/en\/a-propos\/","title":{"rendered":"About"},"content":{"rendered":"<div class=\"wpb-content-wrapper\"><div class=\"vc_row wpb_row row map\"><div class=\"wpb_column vc_column_container col-sm-12\"><div class=\"vc_column-inner\"><div class=\"wpb_wrapper\">\n\t<div  class=\"wpb_single_image wpb_content_element vc_align_center wpb_content_element wpb_animate_when_almost_visible wpb_fadeIn fadeIn\">\n\t\t\n\t\t<figure class=\"wpb_wrapper vc_figure\">\n\t\t\t<div class=\"vc_single_image-wrapper   vc_box_border_grey\"><img loading=\"lazy\" decoding=\"async\" width=\"300\" height=\"111\" src=\"https:\/\/lhov.fr\/wp-content\/uploads\/2020\/06\/Lhov-Logo-300x111.png\" class=\"vc_single_image-img attachment-medium\" alt=\"\" title=\"Lhov-Logo\" srcset=\"https:\/\/lhov.fr\/wp-content\/uploads\/2020\/06\/Lhov-Logo-300x111.png 300w, https:\/\/lhov.fr\/wp-content\/uploads\/2020\/06\/Lhov-Logo.png 464w\" sizes=\"auto, (max-width: 300px) 100vw, 300px\" \/><\/div>\n\t\t<\/figure>\n\t<\/div>\n<h2 style=\"font-size: 34px;color: #333333;line-height: 44px;text-align: justify;font-family:Work Sans;font-weight:400;font-style:normal\" class=\"vc_custom_heading vc_do_custom_heading wpb_animate_when_almost_visible wpb_fadeInUp fadeInUp vc_custom_1593668771605\" >The dermocosmetics brand, ethical science rooted in innovative research on gold and plant oils<\/h2>\n\t<div class=\"wpb_text_column wpb_content_element wpb_animate_when_almost_visible wpb_fadeInUp fadeInUp vc_custom_1593668779497\" >\n\t\t<div class=\"wpb_wrapper\">\n\t\t\t<blockquote>\n<p><em>LHOV offers a range of skin-friendly dermocosmetics products composed of natural active ingredients combined with cutting-edge technologies in green nano-formulation derived from medical research. <\/em><em>combin\u00e9s aux technologies de pointe en nano-formulation verte issue de la recherche m\u00e9dicale<\/em><\/p>\n<\/blockquote>\n\n\t\t<\/div>\n\t<\/div>\n\n\t<div class=\"wpb_text_column wpb_content_element wpb_animate_when_almost_visible wpb_fadeInUp fadeInUp\" >\n\t\t<div class=\"wpb_wrapper\">\n\t\t\t<p style=\"font-size: 18px; text-align: justify;\">LHOV is the brainchild of a scientist, Anne-Laure Morel, who developed a unique ecological process for cancer treatment using gold and phototherapy. LHOV - an acronym for Plant Gold Oil in French - relates the alliance of gold and medicinal plants to care for sensitive skin. From the initial work done in oncology, two active ingredients emerged. One was a gold particle for very sensitive skin weakened by chemo and radiotherapy. The other was a flavonoid-rich aqueous extract, a powerful antioxidant which gave birth to the Ambaville product line.<\/p>\n<p style=\"font-size: 18px; text-align: justify;\">LHOV really took off when researcher Anne-Laure Morel joined forces with her friend Anis in Bordeaux, 10 years after they graduated in chemistry. The two doctors of chemistry then decided to develop the LHOV brand, dedicated to sensitive skin.<\/p>\n<p style=\"font-size: 18px; text-align: justify;\">Anne-Laure MOREL, holder of a PhD in materials chemistry, founded an innovative biotechnologies company on R\u00e9union Island, her birthplace. She is now developing green nanomedicine, with a focus on valorising the natural assets of her island.<\/p>\n<p style=\"font-size: 18px; text-align: justify;\">Anis ALOUINI, holder of a PhD in organic chemistry, intended to create a cosmetics business based on scientific valorisation of precious natural oils from Tunisia, his country of origin.<\/p>\n<p style=\"font-size: 18px; text-align: justify;\">The plant gold oil then became the first dermocosmetics brand combining precious plant oils from Tunisia with gold and medicinal plants from R\u00e9union Island.<\/p>\n\n\t\t<\/div>\n\t<\/div>\n<div class=\"vc_row wpb_row vc_inner row vc_custom_1593010257037 vc_row-has-fill\"><div class=\"wpb_column vc_column_container col-sm-12\"><div class=\"vc_column-inner\"><div class=\"wpb_wrapper\">\n<div class=\"tm-shortcode lezada-space\" id=\"lezada-space-1\"><\/div>\n<h2 style=\"font-size: 40px;color: #ffffff;line-height: 43px;text-align: center;font-family:Work Sans;font-weight:500;font-style:normal\" class=\"vc_custom_heading vc_do_custom_heading ls-12 wpb_animate_when_almost_visible wpb_fadeInUp fadeInUp\" >The birth<br \/>\nof LHOV<\/h2>\n<div class=\"tm-shortcode lezada-space\" id=\"lezada-space-2\"><\/div>\n<\/div><\/div><\/div><\/div>\n<div class=\"tm-shortcode lezada-space\" id=\"lezada-space-3\"><\/div>\n<div class=\"vc_row wpb_row vc_inner row vc_row-o-equal-height vc_row-o-content-middle vc_row-flex\"><div class=\"wpb_column vc_column_container col-sm-6\"><div class=\"vc_column-inner\"><div class=\"wpb_wrapper\">\n\t<div  class=\"wpb_single_image wpb_content_element vc_align_center wpb_content_element wpb_animate_when_almost_visible wpb_fadeInLeft fadeInLeft\">\n\t\t\n\t\t<figure class=\"wpb_wrapper vc_figure\">\n\t\t\t<div class=\"vc_single_image-wrapper   vc_box_border_grey\"><img loading=\"lazy\" decoding=\"async\" width=\"640\" height=\"762\" src=\"https:\/\/lhov.fr\/wp-content\/uploads\/2020\/06\/anne-laure.jpg\" class=\"vc_single_image-img attachment-large\" alt=\"\" title=\"anne-laure\" srcset=\"https:\/\/lhov.fr\/wp-content\/uploads\/2020\/06\/anne-laure.jpg 800w, https:\/\/lhov.fr\/wp-content\/uploads\/2020\/06\/anne-laure-540x643.jpg 540w, https:\/\/lhov.fr\/wp-content\/uploads\/2020\/06\/anne-laure-252x300.jpg 252w, https:\/\/lhov.fr\/wp-content\/uploads\/2020\/06\/anne-laure-768x914.jpg 768w, https:\/\/lhov.fr\/wp-content\/uploads\/2020\/06\/anne-laure-100x120.jpg 100w\" sizes=\"auto, (max-width: 640px) 100vw, 640px\" \/><\/div>\n\t\t<\/figure>\n\t<\/div>\n<\/div><\/div><\/div><div class=\"wpb_column vc_column_container col-sm-6\"><div class=\"vc_column-inner\"><div class=\"wpb_wrapper\"><h2 style=\"font-size: 40px;color: #0a0a0a;line-height: 43px;text-align: left\" class=\"vc_custom_heading vc_do_custom_heading ls-12 wpb_animate_when_almost_visible wpb_fadeInUp fadeInUp\" >2015<\/h2><h3 style=\"font-size: 20px;color: #0a0a0a;line-height: 23px;text-align: justify\" class=\"vc_custom_heading vc_do_custom_heading wpb_animate_when_almost_visible wpb_fadeInUp fadeInUp\" >Creation of an innovative green nanoscience business by Anne-Laure Morel<\/h3>\n\t<div class=\"wpb_text_column wpb_content_element wpb_animate_when_almost_visible wpb_fadeInUp fadeInUp\" >\n\t\t<div class=\"wpb_wrapper\">\n\t\t\t<p style=\"text-align: justify;\">Specialised in green nanotechnology, the company <a href=\"https:\/\/www.torskal.com\/\">Torskal<\/a> met au point des traitements innovants pour vaincre le cancer par la phototh\u00e9rapie, la combinaison des particules d\u2019or et de l\u2019infrarouge. Ces particules d\u2019or sont con\u00e7ues par un proc\u00e9d\u00e9 \u00e9cologique \u00e0 partir de plantes m\u00e9dicinales, d\u2019eau et de sels d\u2019or. Avec son \u00e9quipe de chercheurs en phytochimie, Anne-Laure Morel m\u00e8ne des travaux afin de remplacer les compos\u00e9s chimiques dans la synth\u00e8se de particules par des extraits bruts ou purifi\u00e9s de plantes.<\/p>\n\n\t\t<\/div>\n\t<\/div>\n<\/div><\/div><\/div><\/div><div class=\"vc_row wpb_row vc_inner row vc_row-o-equal-height vc_row-o-content-middle vc_row-flex\"><div class=\"vc_col-sm-push-6 wpb_column vc_column_container col-sm-6\"><div class=\"vc_column-inner\"><div class=\"wpb_wrapper\">\n\t<div  class=\"wpb_single_image wpb_content_element vc_align_center wpb_content_element wpb_animate_when_almost_visible wpb_fadeInRight fadeInRight\">\n\t\t\n\t\t<figure class=\"wpb_wrapper vc_figure\">\n\t\t\t<div class=\"vc_single_image-wrapper   vc_box_border_grey\"><img loading=\"lazy\" decoding=\"async\" width=\"1040\" height=\"584\" src=\"https:\/\/lhov.fr\/wp-content\/uploads\/2020\/06\/recherches-lhov-1.jpg\" class=\"vc_single_image-img attachment-full\" alt=\"\" title=\"recherches-lhov\" srcset=\"https:\/\/lhov.fr\/wp-content\/uploads\/2020\/06\/recherches-lhov-1.jpg 1040w, https:\/\/lhov.fr\/wp-content\/uploads\/2020\/06\/recherches-lhov-1-540x303.jpg 540w, https:\/\/lhov.fr\/wp-content\/uploads\/2020\/06\/recherches-lhov-1-300x168.jpg 300w, https:\/\/lhov.fr\/wp-content\/uploads\/2020\/06\/recherches-lhov-1-1024x575.jpg 1024w, https:\/\/lhov.fr\/wp-content\/uploads\/2020\/06\/recherches-lhov-1-768x431.jpg 768w\" sizes=\"auto, (max-width: 1040px) 100vw, 1040px\" \/><\/div>\n\t\t<\/figure>\n\t<\/div>\n<\/div><\/div><\/div><div class=\"vc_col-sm-pull-6 wpb_column vc_column_container col-sm-6\"><div class=\"vc_column-inner\"><div class=\"wpb_wrapper\"><h2 style=\"font-size: 40px;color: #0a0a0a;line-height: 43px;text-align: left\" class=\"vc_custom_heading vc_do_custom_heading ls-12 wpb_animate_when_almost_visible wpb_fadeInUp fadeInUp\" >2017<\/h2><h3 style=\"font-size: 20px;color: #0a0a0a;line-height: 23px;text-align: left\" class=\"vc_custom_heading vc_do_custom_heading wpb_animate_when_almost_visible wpb_fadeInUp fadeInUp\" >Research focused on a dermocosmetics product line for fragile skin<\/h3>\n\t<div class=\"wpb_text_column wpb_content_element wpb_animate_when_almost_visible wpb_fadeInUp fadeInUp\" >\n\t\t<div class=\"wpb_wrapper\">\n\t\t\t<p style=\"text-align: justify;\">Outre la mise au point de traitements anticanc\u00e9reux, la soci\u00e9t\u00e9 s\u2019est int\u00e9ress\u00e9e aux bienfaits que sa biotechnologie, \u00e0 partir de plantes m\u00e9dicinales et de particules d\u2019or, pouvait apporter aux peaux fragilis\u00e9es par les traitements de radioth\u00e9rapie. Ces travaux ont conduit <a href=\"https:\/\/www.torskal.com\/\">Torskal<\/a> to broaden its research scope to include the needs of sensitive skins, using natural active ingredients.<\/p>\n\n\t\t<\/div>\n\t<\/div>\n<\/div><\/div><\/div><\/div><div class=\"vc_row wpb_row vc_inner row vc_row-o-equal-height vc_row-o-content-middle vc_row-flex\"><div class=\"wpb_column vc_column_container col-sm-6\"><div class=\"vc_column-inner\"><div class=\"wpb_wrapper\">\n\t<div  class=\"wpb_single_image wpb_content_element vc_align_center wpb_content_element wpb_animate_when_almost_visible wpb_fadeInLeft fadeInLeft\">\n\t\t\n\t\t<figure class=\"wpb_wrapper vc_figure\">\n\t\t\t<div class=\"vc_single_image-wrapper   vc_box_border_grey\"><img loading=\"lazy\" decoding=\"async\" width=\"800\" height=\"952\" src=\"https:\/\/lhov.fr\/wp-content\/uploads\/2020\/12\/P2320298-1.jpg\" class=\"vc_single_image-img attachment-full\" alt=\"\" title=\"P2320298-1\" srcset=\"https:\/\/lhov.fr\/wp-content\/uploads\/2020\/12\/P2320298-1.jpg 800w, https:\/\/lhov.fr\/wp-content\/uploads\/2020\/12\/P2320298-1-540x643.jpg 540w, https:\/\/lhov.fr\/wp-content\/uploads\/2020\/12\/P2320298-1-252x300.jpg 252w, https:\/\/lhov.fr\/wp-content\/uploads\/2020\/12\/P2320298-1-768x914.jpg 768w, https:\/\/lhov.fr\/wp-content\/uploads\/2020\/12\/P2320298-1-10x12.jpg 10w, https:\/\/lhov.fr\/wp-content\/uploads\/2020\/12\/P2320298-1-100x120.jpg 100w\" sizes=\"auto, (max-width: 800px) 100vw, 800px\" \/><\/div>\n\t\t<\/figure>\n\t<\/div>\n<\/div><\/div><\/div><div class=\"wpb_column vc_column_container col-sm-6\"><div class=\"vc_column-inner\"><div class=\"wpb_wrapper\"><h2 style=\"font-size: 40px;color: #0a0a0a;line-height: 43px;text-align: left\" class=\"vc_custom_heading vc_do_custom_heading ls-12 wpb_animate_when_almost_visible wpb_fadeInUp fadeInUp\" >2020<\/h2><h3 style=\"font-size: 20px;color: #0a0a0a;line-height: 23px;text-align: justify\" class=\"vc_custom_heading vc_do_custom_heading wpb_animate_when_almost_visible wpb_fadeInUp fadeInUp\" >Launch of LHOV, the 100% natural cosmetic, ethical and scientific brand<\/h3>\n\t<div class=\"wpb_text_column wpb_content_element wpb_animate_when_almost_visible wpb_fadeInUp fadeInUp\" >\n\t\t<div class=\"wpb_wrapper\">\n\t\t\t<p style=\"text-align: justify;\">Cooperation between Anne-Laure MOREL and Anis ALOUINI boosted growth of the LHOV brand and gave rise to an alliance of green nanotechnology, endemic plants from R\u00e9union Island and prestigious oils from Tunisian flora.<\/p>\n<p style=\"text-align: justify;\">With natural and organic active ingredients, the brand offers healthy dermocosmetics products, concentrating just what is needed for maximum efficiency. Less is more.<\/p>\n<p style=\"text-align: justify;\">LHOV products are crafted from organic plant oils and medicinal plants such as Hubertia ambavilla, listed in the French Pharmacopoeia, prickly pear seeds and date pits. They benefit from many years of research and comply with the rules and values of scientific integrity.<\/p>\n<p style=\"text-align: justify;\">LHOV embodies the values of an original and innovative concept, <strong>Ethical-Science.<\/strong><\/p>\n\n\t\t<\/div>\n\t<\/div>\n<\/div><\/div><\/div><\/div><div class=\"vc_row wpb_row vc_inner row vc_row-o-equal-height vc_row-o-content-middle vc_row-flex\"><div class=\"vc_col-sm-push-6 wpb_column vc_column_container col-sm-6\"><div class=\"vc_column-inner\"><div class=\"wpb_wrapper\">\n\t<div  class=\"wpb_single_image wpb_content_element vc_align_center wpb_content_element wpb_animate_when_almost_visible wpb_appear appear\">\n\t\t\n\t\t<figure class=\"wpb_wrapper vc_figure\">\n\t\t\t<div class=\"vc_single_image-wrapper   vc_box_border_grey\"><img loading=\"lazy\" decoding=\"async\" width=\"600\" height=\"533\" src=\"https:\/\/lhov.fr\/wp-content\/uploads\/2020\/11\/LHOV-GAMME-AMBAVILLE-03.png\" class=\"vc_single_image-img attachment-full\" alt=\"\" title=\"LHOV-GAMME-AMBAVILLE-03\" srcset=\"https:\/\/lhov.fr\/wp-content\/uploads\/2020\/11\/LHOV-GAMME-AMBAVILLE-03.png 600w, https:\/\/lhov.fr\/wp-content\/uploads\/2020\/11\/LHOV-GAMME-AMBAVILLE-03-540x480.png 540w, https:\/\/lhov.fr\/wp-content\/uploads\/2020\/11\/LHOV-GAMME-AMBAVILLE-03-300x267.png 300w, https:\/\/lhov.fr\/wp-content\/uploads\/2020\/11\/LHOV-GAMME-AMBAVILLE-03-14x12.png 14w\" sizes=\"auto, (max-width: 600px) 100vw, 600px\" \/><\/div>\n\t\t<\/figure>\n\t<\/div>\n<\/div><\/div><\/div><div class=\"vc_col-sm-pull-6 wpb_column vc_column_container col-sm-6\"><div class=\"vc_column-inner vc_custom_1594377906307\"><div class=\"wpb_wrapper\"><h3 style=\"font-size: 20px;color: #0a0a0a;line-height: 23px;text-align: justify\" class=\"vc_custom_heading vc_do_custom_heading wpb_animate_when_almost_visible wpb_fadeInUp fadeInUp\" >LHOV products<\/h3>\n\t<div class=\"wpb_text_column wpb_content_element wpb_animate_when_almost_visible wpb_fadeInUp fadeInUp\" >\n\t\t<div class=\"wpb_wrapper\">\n\t\t\t<p style=\"text-align: justify;\">Thanks to its natural active ingredients painstakingly selected from the best organic farming has to offer, LHOV caters to the needs of sensitive and reactive skins. LHOV will meet the expectations of consumers focused on clean beauty, seeking to ensure that there are no superfluous elements that could damage the skin and to favour sustainable development values that serve as the foundation for the work of LHOV, bringing meaning to innovation. Quite simply, LHOV meets the essential needs of sensitive skin, weakened by pollution and aggressive chemicals. LHOV is the very image of woman, an embodiment of love. <em>clean-beauty<\/em>, qui souhaitent s&#8217;assurer de l&#8217;absence d&#8217;\u00e9l\u00e9ments superflus n\u00e9fastes pour la peau et privil\u00e9gier les valeurs de d\u00e9veloppement durable sur lesquelles LHOV, s\u2019appuie pour apporter du sens \u00e0 ses travaux d\u2019innovation. LHOV r\u00e9pond tout simplement aux besoins essentiels de la peau sensible, fragilis\u00e9e par la pollution et les agressions chimiques. LHOV est \u00e0 l\u2019image de la femme, un concentr\u00e9 d\u2019amour.<\/p>\n\n\t\t<\/div>\n\t<\/div>\n\n<a class=\"tm-shortcode lezada-button button   wpb_animate_when_almost_visible wpb_move-up move-up medium   tm-animation move-up\"\n\thref=\"https:\/\/lhov.fr\/en\/la-gamme-ambaville\/\"\n\ttitle=\"Shop\"\n\ttarget=\"_self\"\n\trel=\"\"\n>\n<span>\n    \t\t\tDiscover\t\t<\/span>\n<\/a>\n\n<\/div><\/div><\/div><\/div><\/div><\/div><\/div><\/div>\n<\/div>","protected":false},"excerpt":{"rendered":"La marque dermocosm\u00e9tique , science-\u00e9thique issue d\u2019une recherche innovante sur l\u2019or et les huiles v\u00e9g\u00e9tales LHOV propose une gamme de produits dermocosm\u00e9tiques respectueux du corps, compos\u00e9s d\u2019actifs naturels combin\u00e9s aux technologies de pointe en nano-formulation verte issue de la recherche m\u00e9dicale LHOV est l\u2019histoire d\u2019une scientifique, Anne-Laure Morel, qui d\u00e9veloppe un proc\u00e9d\u00e9 \u00e9cologique unique pour [...]","protected":false},"author":1,"featured_media":0,"parent":0,"menu_order":0,"comment_status":"closed","ping_status":"closed","template":"","meta":{"footnotes":""},"class_list":["post-4649","page","type-page","status-publish","hentry"],"_links":{"self":[{"href":"https:\/\/lhov.fr\/en\/wp-json\/wp\/v2\/pages\/4649","targetHints":{"allow":["GET"]}}],"collection":[{"href":"https:\/\/lhov.fr\/en\/wp-json\/wp\/v2\/pages"}],"about":[{"href":"https:\/\/lhov.fr\/en\/wp-json\/wp\/v2\/types\/page"}],"author":[{"embeddable":true,"href":"https:\/\/lhov.fr\/en\/wp-json\/wp\/v2\/users\/1"}],"replies":[{"embeddable":true,"href":"https:\/\/lhov.fr\/en\/wp-json\/wp\/v2\/comments?post=4649"}],"version-history":[{"count":71,"href":"https:\/\/lhov.fr\/en\/wp-json\/wp\/v2\/pages\/4649\/revisions"}],"predecessor-version":[{"id":5680,"href":"https:\/\/lhov.fr\/en\/wp-json\/wp\/v2\/pages\/4649\/revisions\/5680"}],"wp:attachment":[{"href":"https:\/\/lhov.fr\/en\/wp-json\/wp\/v2\/media?parent=4649"}],"curies":[{"name":"wp","href":"https:\/\/api.w.org\/{rel}","templated":true}]}}