{"id":5895,"date":"2021-06-16T15:53:51","date_gmt":"2021-06-16T13:53:51","guid":{"rendered":"https:\/\/lhov.fr\/?page_id=5895"},"modified":"2021-06-16T15:53:51","modified_gmt":"2021-06-16T13:53:51","slug":"confirmation","status":"publish","type":"page","link":"https:\/\/lhov.fr\/en\/confirmation\/","title":{"rendered":"Confirmation"},"content":{"rendered":"<div class=\"wpb-content-wrapper\"><div data-vc-full-width=\"true\" data-vc-full-width-init=\"false\" class=\"vc_row wpb_row row coming-soon-row vc_custom_1601624898970 vc_row-has-fill vc_row-o-full-height vc_row-o-columns-middle vc_row-o-equal-height vc_row-o-content-middle vc_row-flex\"><div class=\"wpb_column vc_column_container col-sm-12 col-lg-8 col-md-12 col-xs-12\"><div class=\"vc_column-inner\"><div class=\"wpb_wrapper\">\n\t<div  class=\"wpb_single_image wpb_content_element vc_align_left wpb_content_element vc_custom_1605709444982\">\n\t\t\n\t\t<figure class=\"wpb_wrapper vc_figure\">\n\t\t\t<div class=\"vc_single_image-wrapper   vc_box_border_grey\"><img decoding=\"async\" class=\"vc_single_image-img\" src=\"https:\/\/lhov.fr\/wp-content\/uploads\/2020\/06\/Lhov-Logo-200x72.png\" width=\"200\" height=\"72\" alt=\"Lhov-Logo\" title=\"Lhov-Logo\" loading=\"lazy\" \/><\/div>\n\t\t<\/figure>\n\t<\/div>\n<h2 style=\"font-size: 38px;color: #333333;line-height: 48px;text-align: left;font-family:Work Sans;font-weight:400;font-style:normal\" class=\"vc_custom_heading vc_do_custom_heading\" >Welcome<\/h2>\n\t<div class=\"wpb_text_column wpb_content_element\" >\n\t\t<div class=\"wpb_wrapper\">\n\t\t\t<h4 style=\"text-align: left;\">Un email de confirmation vous a \u00e9t\u00e9 envoy\u00e9.<\/h4>\n\n\t\t<\/div>\n\t<\/div>\n\n<a class=\"tm-shortcode lezada-button button   wpb_animate_when_almost_visible wpb_move-up move-up medium   tm-animation move-up\"\n\thref=\"https:\/\/lhov.fr\/en\/\"\n\ttitle=\"Home\"\n\ttarget=\"_self\"\n\trel=\"\"\n>\n<span>\n    \t\t\tBack to homepage\t\t<\/span>\n<\/a>\n\n\n<div class=\"tm-shortcode lezada-space\" id=\"lezada-space-2\"><\/div>\n<\/div><\/div><\/div><div class=\"wpb_column vc_column_container col-sm-12 col-lg-4 col-md-12 vc_hidden-sm vc_hidden-xs\"><div class=\"vc_column-inner\"><div class=\"wpb_wrapper\"><\/div><\/div><\/div><\/div><div class=\"vc_row-full-width vc_clearfix\"><\/div>\n<\/div>","protected":false},"excerpt":{"rendered":"Bienvenue! Un email de confirmation vous a \u00e9t\u00e9 envoy\u00e9. Retourner sur le site","protected":false},"author":1,"featured_media":0,"parent":0,"menu_order":0,"comment_status":"closed","ping_status":"closed","template":"coming-soon.php","meta":{"footnotes":""},"class_list":["post-5895","page","type-page","status-publish","hentry"],"_links":{"self":[{"href":"https:\/\/lhov.fr\/en\/wp-json\/wp\/v2\/pages\/5895","targetHints":{"allow":["GET"]}}],"collection":[{"href":"https:\/\/lhov.fr\/en\/wp-json\/wp\/v2\/pages"}],"about":[{"href":"https:\/\/lhov.fr\/en\/wp-json\/wp\/v2\/types\/page"}],"author":[{"embeddable":true,"href":"https:\/\/lhov.fr\/en\/wp-json\/wp\/v2\/users\/1"}],"replies":[{"embeddable":true,"href":"https:\/\/lhov.fr\/en\/wp-json\/wp\/v2\/comments?post=5895"}],"version-history":[{"count":1,"href":"https:\/\/lhov.fr\/en\/wp-json\/wp\/v2\/pages\/5895\/revisions"}],"predecessor-version":[{"id":5896,"href":"https:\/\/lhov.fr\/en\/wp-json\/wp\/v2\/pages\/5895\/revisions\/5896"}],"wp:attachment":[{"href":"https:\/\/lhov.fr\/en\/wp-json\/wp\/v2\/media?parent=5895"}],"curies":[{"name":"wp","href":"https:\/\/api.w.org\/{rel}","templated":true}]}}