{"id":6376,"date":"2024-04-24T23:59:41","date_gmt":"2024-04-24T21:59:41","guid":{"rendered":"https:\/\/lhov.fr\/?post_type=product&#038;p=6376"},"modified":"2025-10-10T11:36:22","modified_gmt":"2025-10-10T09:36:22","slug":"lhov-gua-sha","status":"publish","type":"product","link":"https:\/\/lhov.fr\/en\/product\/lhov-gua-sha\/","title":{"rendered":"Rock crystal Gua Sha"},"content":{"rendered":"","protected":false},"excerpt":{"rendered":"<p>Discover our rock crystal Gua Sha, a precious ancestral skincare tool for facial massage! Its ergonomic shape follows the lines of your face for a 100% natural facelift, a brighter glow and an immediate feeling of well-being!<\/p>\n<p>The perfect combination for glowing skin? LHOV oils for deep hydration + your new Gua Sha for relaxing, soothing massages:<\/p>\n<ul>\n<li class=\"translation-block\">Massaging with the Gua Sha helps the LHOV oils to penetrate deep into the skin, <strong>activating the natural production of collagen<\/strong>, essential for <strong>maintaining the skin's firmness and elasticity<\/strong>, for a younger, more radiant appearance.<\/li>\n<li>Used regularly, Gua Sha promotes <strong>blood circulation<\/strong>, which can help to <strong>reduce the appearance of dark rings and improve skin glow<\/strong>. <strong>favorise la circulation sanguine<\/strong>, ce qui peut aider \u00e0 r\u00e9duire l&#8217;apparence des cernes et \u00e0 am\u00e9liorer l&#8217;\u00e9clat de la peau.<\/li>\n<li class=\"translation-block\">The soft gliding movements of Gua Sha help <strong>lymphatic draining<\/strong>,  to <strong>eliminate toxins<\/strong> and reduce bags under the eyes, giving your skin a firmer, more toned appearance.<\/li>\n<li class=\"translation-block\">By gently massaging the muscles of the face and neck, Gua Sha <strong> helps to relieve accumulated tensions, for a relaxed, rejuvenated face <\/strong>.<\/li>\n<\/ul>\n<p>Adopt this routine for toned, firmer, healthier-looking skin!<\/p>\n<p>Discover our express massage guide &gt;&gt;<a href=\"https:\/\/www.instagram.com\/reel\/C58c7A-t5-x\/?utm_source=ig_web_copy_link&amp;igsh=MzRlODBiNWFlZA==\"> Here<\/a> &lt;&lt;<\/p>","protected":false},"featured_media":6383,"comment_status":"closed","ping_status":"closed","template":"","meta":[],"product_brand":[],"product_cat":[308],"product_tag":[309,310,311],"class_list":{"0":"post-6376","1":"product","2":"type-product","3":"status-publish","4":"has-post-thumbnail","6":"product_cat-accessoire","7":"product_tag-accessoire","8":"product_tag-gua-sha","9":"product_tag-massage","11":"first","12":"outofstock","13":"taxable","14":"shipping-taxable","15":"purchasable","16":"product-type-simple"},"_links":{"self":[{"href":"https:\/\/lhov.fr\/en\/wp-json\/wp\/v2\/product\/6376","targetHints":{"allow":["GET"]}}],"collection":[{"href":"https:\/\/lhov.fr\/en\/wp-json\/wp\/v2\/product"}],"about":[{"href":"https:\/\/lhov.fr\/en\/wp-json\/wp\/v2\/types\/product"}],"replies":[{"embeddable":true,"href":"https:\/\/lhov.fr\/en\/wp-json\/wp\/v2\/comments?post=6376"}],"wp:featuredmedia":[{"embeddable":true,"href":"https:\/\/lhov.fr\/en\/wp-json\/wp\/v2\/media\/6383"}],"wp:attachment":[{"href":"https:\/\/lhov.fr\/en\/wp-json\/wp\/v2\/media?parent=6376"}],"wp:term":[{"taxonomy":"product_brand","embeddable":true,"href":"https:\/\/lhov.fr\/en\/wp-json\/wp\/v2\/product_brand?post=6376"},{"taxonomy":"product_cat","embeddable":true,"href":"https:\/\/lhov.fr\/en\/wp-json\/wp\/v2\/product_cat?post=6376"},{"taxonomy":"product_tag","embeddable":true,"href":"https:\/\/lhov.fr\/en\/wp-json\/wp\/v2\/product_tag?post=6376"}],"curies":[{"name":"wp","href":"https:\/\/api.w.org\/{rel}","templated":true}]}}